{"id":1553,"date":"2023-11-26T17:20:14","date_gmt":"2023-11-26T17:20:14","guid":{"rendered":"https:\/\/anpsico.com\/centro_psicologia\/?page_id=1553"},"modified":"2023-11-26T17:22:47","modified_gmt":"2023-11-26T17:22:47","slug":"educacion-nutricional","status":"publish","type":"page","link":"https:\/\/anpsico.com\/centro_psicologia\/educacion-nutricional\/","title":{"rendered":"Educaci\u00f3n nutricional"},"content":{"rendered":"\n<p>La figura del nutricionista en Anpsico desempe\u00f1ar\u00e1 funciones muy variadas, entre ellas y la de mayor relevancia la Educaci\u00f3n nutricional, adem\u00e1s del tratamiento nutricional en distintas patolog\u00edas. La funci\u00f3n educativa consistir\u00e1 en asistir nutricionalmente a los pacientes, para ense\u00f1arles una alimentaci\u00f3n saludable, as\u00ed como tambi\u00e9n para lograr que \u00e9stos disfruten de comer saludablemente, incrementen sus conocimientos sobre los alimentos, su motivaci\u00f3n y para que tomen decisiones acertadas sobre su alimentaci\u00f3n. Por lo que, no s\u00f3lo brindar\u00e1 informaci\u00f3n, sino que adem\u00e1s ayudar\u00e1 y facilitar\u00e1 el aprendizaje continuo del paciente , ya que el principal objetivo del nutricionista, es conseguir el mantenimiento de una alimentaci\u00f3n equilibrada y adaptada, en todo momento, a las necesidades y posibles patolog\u00edas del paciente.<\/p>\n\n\n\n<p><\/p>\n","protected":false},"excerpt":{"rendered":"<p>La figura del nutricionista en Anpsico desempe\u00f1ar\u00e1 funciones muy variadas, entre ellas y la de mayor relevancia la Educaci\u00f3n nutricional, adem\u00e1s del tratamiento nutricional en distintas patolog\u00edas. La funci\u00f3n educativa &#8230;<\/p>\n","protected":false},"author":1,"featured_media":0,"parent":0,"menu_order":0,"comment_status":"closed","ping_status":"closed","template":"","meta":{"footnotes":""},"class_list":["post-1553","page","type-page","status-publish","hentry"],"_links":{"self":[{"href":"https:\/\/anpsico.com\/centro_psicologia\/wp-json\/wp\/v2\/pages\/1553","targetHints":{"allow":["GET"]}}],"collection":[{"href":"https:\/\/anpsico.com\/centro_psicologia\/wp-json\/wp\/v2\/pages"}],"about":[{"href":"https:\/\/anpsico.com\/centro_psicologia\/wp-json\/wp\/v2\/types\/page"}],"author":[{"embeddable":true,"href":"https:\/\/anpsico.com\/centro_psicologia\/wp-json\/wp\/v2\/users\/1"}],"replies":[{"embeddable":true,"href":"https:\/\/anpsico.com\/centro_psicologia\/wp-json\/wp\/v2\/comments?post=1553"}],"version-history":[{"count":4,"href":"https:\/\/anpsico.com\/centro_psicologia\/wp-json\/wp\/v2\/pages\/1553\/revisions"}],"predecessor-version":[{"id":1559,"href":"https:\/\/anpsico.com\/centro_psicologia\/wp-json\/wp\/v2\/pages\/1553\/revisions\/1559"}],"wp:attachment":[{"href":"https:\/\/anpsico.com\/centro_psicologia\/wp-json\/wp\/v2\/media?parent=1553"}],"curies":[{"name":"wp","href":"https:\/\/api.w.org\/{rel}","templated":true}]}}