{"id":1496,"date":"2023-05-28T09:43:17","date_gmt":"2023-05-28T09:43:17","guid":{"rendered":"https:\/\/anpsico.com\/centro_psicologia\/?page_id=1496"},"modified":"2023-05-28T16:49:00","modified_gmt":"2023-05-28T16:49:00","slug":"talleres-impartidos-por-jorge-corpas-lopez","status":"publish","type":"page","link":"https:\/\/anpsico.com\/centro_psicologia\/talleres-impartidos-por-jorge-corpas-lopez\/","title":{"rendered":"Talleres impartidos por Jorge Corpas L\u00f3pez"},"content":{"rendered":"\n<p class=\"has-black-color has-text-color has-medium-font-size\"><strong>Taller: Aprendiendo a relajarse<\/strong><\/p>\n\n\n\n<p class=\"justificado has-black-color has-text-color\">En este taller se abordan las principales t\u00e9cnicas de relajaci\u00f3n para que cada participante descubra cuales le son m\u00e1s efectivas y<br>aprenda a aplicarlas en las distintas situaciones. El objetivo es desarrollar estrategias para reducir la activaci\u00f3n f\u00edsica asociada a la ansiedad y los estados de agitaci\u00f3n mental.<\/p>\n\n\n\n<p class=\"has-black-color has-text-color has-medium-font-size\"><strong>Taller: Autocontrol de la ira<\/strong><\/p>\n\n\n\n<p class=\"justificado has-black-color has-text-color\">En este taller se trabajan los conceptos relacionados con los sentimientos de enfado e ira, porqu\u00e9 se descontrolan y c\u00f3mo<br>aprender formas de dominar estos estados emocionales. El objetivo es dotar a los participantes de estrategias psicol\u00f3gicas para que la ira no afecte negativamente a sus relaciones personales y reducir el sufrimiento que puede llegar a ocasionar.<\/p>\n\n\n\n<p class=\"has-black-color has-text-color has-medium-font-size\"><strong>Taller: C\u00f3mo resolver conflictos <\/strong><\/p>\n\n\n\n<p class=\"justificado has-black-color has-text-color\">En este taller se practican estrategias de resoluci\u00f3n de conflictos desde las t\u00e9cnicas asertivas y la comunicaci\u00f3n eficaz. Los conflictos son parte natural de la vida social, pero necesitamos saber resolverlos de manera efectiva para que nuestras relaciones no se vean afectadas y nos sintamos bien con nosotros mismos.<\/p>\n\n\n\n<p><\/p>\n\n\n\n<p class=\"has-black-color has-text-color has-medium-font-size\">Si est\u00e1s interesado\/a descarga la hoja de inscripci\u00f3n y env\u00edanosla. Nos pondremos en contacto contigo para indicarte la fecha del taller. <a rel=\"noreferrer noopener\" href=\"https:\/\/anpsico.com\/centro_psicologia\/wp-content\/uploads\/2023\/05\/hoja-inscripcion.pdf\" target=\"_blank\">Descarga la hoja de inscripci\u00f3n<\/a><\/p>\n","protected":false},"excerpt":{"rendered":"<p>Taller: Aprendiendo a relajarse En este taller se abordan las principales t\u00e9cnicas de relajaci\u00f3n para que cada participante descubra cuales le son m\u00e1s efectivas yaprenda a aplicarlas en las distintas &#8230;<\/p>\n","protected":false},"author":1,"featured_media":0,"parent":0,"menu_order":0,"comment_status":"closed","ping_status":"closed","template":"","meta":{"footnotes":""},"class_list":["post-1496","page","type-page","status-publish","hentry"],"_links":{"self":[{"href":"https:\/\/anpsico.com\/centro_psicologia\/wp-json\/wp\/v2\/pages\/1496","targetHints":{"allow":["GET"]}}],"collection":[{"href":"https:\/\/anpsico.com\/centro_psicologia\/wp-json\/wp\/v2\/pages"}],"about":[{"href":"https:\/\/anpsico.com\/centro_psicologia\/wp-json\/wp\/v2\/types\/page"}],"author":[{"embeddable":true,"href":"https:\/\/anpsico.com\/centro_psicologia\/wp-json\/wp\/v2\/users\/1"}],"replies":[{"embeddable":true,"href":"https:\/\/anpsico.com\/centro_psicologia\/wp-json\/wp\/v2\/comments?post=1496"}],"version-history":[{"count":2,"href":"https:\/\/anpsico.com\/centro_psicologia\/wp-json\/wp\/v2\/pages\/1496\/revisions"}],"predecessor-version":[{"id":1516,"href":"https:\/\/anpsico.com\/centro_psicologia\/wp-json\/wp\/v2\/pages\/1496\/revisions\/1516"}],"wp:attachment":[{"href":"https:\/\/anpsico.com\/centro_psicologia\/wp-json\/wp\/v2\/media?parent=1496"}],"curies":[{"name":"wp","href":"https:\/\/api.w.org\/{rel}","templated":true}]}}